{"id":3,"date":"2025-02-09T09:12:37","date_gmt":"2025-02-09T09:12:37","guid":{"rendered":"https:\/\/landingnyelvsuli.marketingsweb.com\/?page_id=3"},"modified":"2025-02-15T18:54:45","modified_gmt":"2025-02-15T18:54:45","slug":"privacy-policy","status":"publish","type":"page","link":"https:\/\/landingnyelvsuli.marketingsweb.com\/en\/adatkezelesi-nyilatkozat\/","title":{"rendered":"Adatkezel\u00e9si Nyilatkozat"},"content":{"rendered":"<div data-elementor-type=\"wp-page\" data-elementor-id=\"3\" class=\"elementor elementor-3\" data-elementor-post-type=\"page\">\n\t\t\t\t<div class=\"elementor-element elementor-element-2dc2e6a e-flex e-con-boxed e-con e-parent\" data-id=\"2dc2e6a\" data-element_type=\"container\" data-e-type=\"container\" data-settings=\"{&quot;background_background&quot;:&quot;classic&quot;}\">\n\t\t\t\t\t<div class=\"e-con-inner\">\n\t\t\t\t<div class=\"elementor-element elementor-element-2455911 elementor-widget elementor-widget-heading\" data-id=\"2455911\" data-element_type=\"widget\" data-e-type=\"widget\" data-widget_type=\"heading.default\">\n\t\t\t\t<div class=\"elementor-widget-container\">\n\t\t\t\t\t<h2 class=\"elementor-heading-title elementor-size-default\">Privacy Policy\n<\/h2>\t\t\t\t<\/div>\n\t\t\t\t<\/div>\n\t\t\t\t<div class=\"elementor-element elementor-element-fdd5a7f elementor-widget elementor-widget-text-editor\" data-id=\"fdd5a7f\" data-element_type=\"widget\" data-e-type=\"widget\" data-widget_type=\"text-editor.default\">\n\t\t\t\t<div class=\"elementor-widget-container\">\n\t\t\t\t\t\t\t\t\t<p><span style=\"font-weight: 400;\">The English Language Online School is committed to protecting your personal data. In this statement, we describe how we collect, process and protect your personal data.<\/span><\/p><p><span style=\"font-weight: 400;\">Data collection: We collect the personal data you provide (name, email address) to enable you to download free materials and to send you information about our school.<\/span><\/p><p><span style=\"font-weight: 400;\">Data management: We store your data on a secure server and use it only to provide the service you have requested. We do not share your data with third parties unless we are legally obliged to do so.<\/span><\/p><p><span style=\"font-weight: 400;\">Access and Modification: You may request to view, modify or delete your personal information at any time, and you may request that we shall not use your information for marketing purposes.<\/span><\/p><p><span style=\"font-weight: 400;\">Security: We use appropriate technical and organizational measures to protect your personal data against unauthorized access and loss.<\/span><\/p><p><span style=\"font-weight: 400;\">Cookies: Our website uses cookies to improve your experience and make the website work more efficiently. For more information about how to manage cookies, please see our Cookie Policy.<\/span><\/p><p><span style=\"font-weight: 400;\">If you have any questions regarding data management, please contact us at the following email address: adatvedelem@angolnyelviskola.com.<\/span><\/p><p><!-- \/wp:paragraph --><\/p>\t\t\t\t\t\t\t\t<\/div>\n\t\t\t\t<\/div>\n\t\t\t\t\t<\/div>\n\t\t\t\t<\/div>\n\t\t\t\t<\/div>","protected":false},"excerpt":{"rendered":"<p>Adatkezel\u00e9si nyilatkozat Az Angol Online Nyelviskola elk\u00f6telezett az \u00d6n szem\u00e9lyes adatainak v\u00e9delme mellett. Ebben a nyilatkozatban le\u00edrjuk, hogyan gy\u0171jtj\u00fck, kezelj\u00fck \u00e9s v\u00e9delmezz\u00fck szem\u00e9lyes adatait. Adatgy\u0171jt\u00e9s: Az \u00d6n \u00e1ltal megadott szem\u00e9lyes adatokat (n\u00e9v, e-mail c\u00edm) az\u00e9rt gy\u0171jtj\u00fck, hogy lehet\u0151v\u00e9 tegy\u00fck az ingyenes anyag let\u00f6lt\u00e9s\u00e9t, \u00e9s inform\u00e1ci\u00f3t tudjunk k\u00fcldeni \u00d6nnek az iskol\u00e1nkr\u00f3l. Adatkezel\u00e9s: Az adatokat biztons\u00e1gos szerveren [&hellip;]<\/p>\n","protected":false},"author":1,"featured_media":0,"parent":0,"menu_order":0,"comment_status":"closed","ping_status":"open","template":"elementor_canvas","meta":{"site-sidebar-layout":"default","site-content-layout":"","ast-site-content-layout":"default","site-content-style":"default","site-sidebar-style":"default","ast-global-header-display":"","ast-banner-title-visibility":"","ast-main-header-display":"","ast-hfb-above-header-display":"","ast-hfb-below-header-display":"","ast-hfb-mobile-header-display":"","site-post-title":"","ast-breadcrumbs-content":"","ast-featured-img":"","footer-sml-layout":"","theme-transparent-header-meta":"default","adv-header-id-meta":"","stick-header-meta":"","header-above-stick-meta":"","header-main-stick-meta":"","header-below-stick-meta":"","astra-migrate-meta-layouts":"set","ast-page-background-enabled":"default","ast-page-background-meta":{"desktop":{"background-color":"","background-image":"","background-repeat":"repeat","background-position":"center center","background-size":"auto","background-attachment":"scroll","background-type":"","background-media":"","overlay-type":"","overlay-color":"","overlay-opacity":"","overlay-gradient":""},"tablet":{"background-color":"","background-image":"","background-repeat":"repeat","background-position":"center center","background-size":"auto","background-attachment":"scroll","background-type":"","background-media":"","overlay-type":"","overlay-color":"","overlay-opacity":"","overlay-gradient":""},"mobile":{"background-color":"","background-image":"","background-repeat":"repeat","background-position":"center center","background-size":"auto","background-attachment":"scroll","background-type":"","background-media":"","overlay-type":"","overlay-color":"","overlay-opacity":"","overlay-gradient":""}},"ast-content-background-meta":{"desktop":{"background-color":"var(--ast-global-color-5)","background-image":"","background-repeat":"repeat","background-position":"center center","background-size":"auto","background-attachment":"scroll","background-type":"","background-media":"","overlay-type":"","overlay-color":"","overlay-opacity":"","overlay-gradient":""},"tablet":{"background-color":"var(--ast-global-color-5)","background-image":"","background-repeat":"repeat","background-position":"center center","background-size":"auto","background-attachment":"scroll","background-type":"","background-media":"","overlay-type":"","overlay-color":"","overlay-opacity":"","overlay-gradient":""},"mobile":{"background-color":"var(--ast-global-color-5)","background-image":"","background-repeat":"repeat","background-position":"center center","background-size":"auto","background-attachment":"scroll","background-type":"","background-media":"","overlay-type":"","overlay-color":"","overlay-opacity":"","overlay-gradient":""}},"footnotes":""},"class_list":["post-3","page","type-page","status-publish","hentry"],"_links":{"self":[{"href":"https:\/\/landingnyelvsuli.marketingsweb.com\/en\/wp-json\/wp\/v2\/pages\/3","targetHints":{"allow":["GET"]}}],"collection":[{"href":"https:\/\/landingnyelvsuli.marketingsweb.com\/en\/wp-json\/wp\/v2\/pages"}],"about":[{"href":"https:\/\/landingnyelvsuli.marketingsweb.com\/en\/wp-json\/wp\/v2\/types\/page"}],"author":[{"embeddable":true,"href":"https:\/\/landingnyelvsuli.marketingsweb.com\/en\/wp-json\/wp\/v2\/users\/1"}],"replies":[{"embeddable":true,"href":"https:\/\/landingnyelvsuli.marketingsweb.com\/en\/wp-json\/wp\/v2\/comments?post=3"}],"version-history":[{"count":18,"href":"https:\/\/landingnyelvsuli.marketingsweb.com\/en\/wp-json\/wp\/v2\/pages\/3\/revisions"}],"predecessor-version":[{"id":1086,"href":"https:\/\/landingnyelvsuli.marketingsweb.com\/en\/wp-json\/wp\/v2\/pages\/3\/revisions\/1086"}],"wp:attachment":[{"href":"https:\/\/landingnyelvsuli.marketingsweb.com\/en\/wp-json\/wp\/v2\/media?parent=3"}],"curies":[{"name":"wp","href":"https:\/\/api.w.org\/{rel}","templated":true}]}}